{"id":210,"date":"2023-10-18T09:48:22","date_gmt":"2023-10-18T07:48:22","guid":{"rendered":"https:\/\/100portraits.art\/?page_id=210"},"modified":"2023-10-28T20:16:14","modified_gmt":"2023-10-28T18:16:14","slug":"cookies-privacy-policy","status":"publish","type":"page","link":"https:\/\/100portraits.art\/en\/start\/cookies-privacy-policy\/","title":{"rendered":"Cookies &#038; Privacy Policy"},"content":{"rendered":"\t\t<div data-elementor-type=\"wp-page\" data-elementor-id=\"210\" class=\"elementor elementor-210\" data-elementor-post-type=\"page\">\n\t\t\t\t<div class=\"elementor-element elementor-element-ad937b2 e-flex e-con-boxed e-con e-parent\" data-id=\"ad937b2\" data-element_type=\"container\" data-e-type=\"container\">\n\t\t\t\t\t<div class=\"e-con-inner\">\n\t\t\t\t<div class=\"elementor-element elementor-element-6475401 elementor-widget elementor-widget-spacer\" data-id=\"6475401\" data-element_type=\"widget\" data-e-type=\"widget\" data-widget_type=\"spacer.default\">\n\t\t\t\t<div class=\"elementor-widget-container\">\n\t\t\t\t\t\t\t<div class=\"elementor-spacer\">\n\t\t\t<div class=\"elementor-spacer-inner\"><\/div>\n\t\t<\/div>\n\t\t\t\t\t\t<\/div>\n\t\t\t\t<\/div>\n\t\t\t\t<div class=\"elementor-element elementor-element-15d791b elementor-widget elementor-widget-heading\" data-id=\"15d791b\" data-element_type=\"widget\" data-e-type=\"widget\" data-widget_type=\"heading.default\">\n\t\t\t\t<div class=\"elementor-widget-container\">\n\t\t\t\t\t<h1 class=\"elementor-heading-title elementor-size-default\">Cookies &amp; Privacy Policy<\/h1>\t\t\t\t<\/div>\n\t\t\t\t<\/div>\n\t\t\t\t<div class=\"elementor-element elementor-element-86008fe elementor-widget elementor-widget-spacer\" data-id=\"86008fe\" data-element_type=\"widget\" data-e-type=\"widget\" data-widget_type=\"spacer.default\">\n\t\t\t\t<div class=\"elementor-widget-container\">\n\t\t\t\t\t\t\t<div class=\"elementor-spacer\">\n\t\t\t<div class=\"elementor-spacer-inner\"><\/div>\n\t\t<\/div>\n\t\t\t\t\t\t<\/div>\n\t\t\t\t<\/div>\n\t\t\t\t<div class=\"elementor-element elementor-element-7a21c9d elementor-widget elementor-widget-text-editor\" data-id=\"7a21c9d\" data-element_type=\"widget\" data-e-type=\"widget\" data-widget_type=\"text-editor.default\">\n\t\t\t\t<div class=\"elementor-widget-container\">\n\t\t\t\t\t\t\t\t\t<p><strong>Cookie &amp; Privacy Policy for 100portraits.art<\/strong><\/p><p><strong>Last Updated: <\/strong><strong>18.10.2023<\/strong><\/p><p><strong>Operated by Hedonist Photo &#8211; Visuals &amp; SEO<\/strong><\/p><p>CVR-nummer: 43612395<br \/>Address: A.P. M\u00f8llers All\u00e9 9C<br \/>Location: 2791 Drag\u00f8r, Denmark<\/p><p><strong>Introduction<\/strong><\/p><p>At 100portraits.art, the privacy of our visitors is one of our main priorities. This Cookie &amp; Privacy Policy document outlines the types of information that are collected and recorded by 100portraits.art and how we use it.<\/p><p><strong>What Are Cookies<\/strong><\/p><p>Cookies are small files that are placed on your computer, mobile device, or any other device by a website, containing details of your browsing history on that website among its many uses.<\/p><p><strong>Use of Cookies<\/strong><\/p><p>Our website, 100portraits.art, uses cookies to improve user experience. Upon your first visit to our website, you are asked to consent to our use of cookies, and you can opt out at any time.<\/p><p><strong>Information We Collect<\/strong><\/p><p>When you visit our website, we may collect the following types of information:<\/p><ul><li><strong>Personal Identification Information<\/strong>: Such as your name, email, and phone number when you use our contact form.<\/li><li><strong>Anonymous Data<\/strong>: Such as your IP address, geographical location, browser type, and operating system.<\/li><\/ul><p><strong>How We Use Your Information<\/strong><\/p><p>We use the information collected for the following purposes:<\/p><ul><li>To provide, operate, and maintain our website<\/li><li>To improve, personalize, and expand our website<\/li><li>To understand and analyze how you use our website<\/li><li>To communicate with you<\/li><\/ul><p><strong>Third-Party Privacy Policies<\/strong><\/p><p>100portraits.art&#8217;s Privacy Policy does not apply to other advertisers or websites. Thus, we are advising you to consult the respective Privacy Policies of third-party ad servers for more detailed information.<\/p><p><strong>GDPR Data Protection Rights<\/strong><\/p><p>Under the GDPR, if you are a resident of the European Union, you have various rights including the right to access, update, or delete the information we have on you.<\/p><p><strong>Consent<\/strong><\/p><p>By using our website, you hereby consent to our Privacy Policy and agree to its terms.<\/p><p><strong>Changes to This Policy<\/strong><\/p><p>We may update this Cookie &amp; Privacy Policy from time to time. We will notify you of any changes by posting the new Privacy Policy on this page.<\/p><p><strong>Contact Us<\/strong><\/p><p>If you have additional questions or require more information about our Cookie &amp; Privacy Policy, do not hesitate to contact us.<\/p><ul><li>Email: contact@hedonist.photo<\/li><li>Address: Hedonist Photo, A.P. M\u00f8llers All\u00e9 9C, 2791 Drag\u00f8r<\/li><\/ul><p>\u00a0<\/p><p>This policy is effective as of 18.10.2023.<\/p><p>\u00a0<\/p>\t\t\t\t\t\t\t\t<\/div>\n\t\t\t\t<\/div>\n\t\t\t\t<div class=\"elementor-element elementor-element-409df57 elementor-widget elementor-widget-spacer\" data-id=\"409df57\" data-element_type=\"widget\" data-e-type=\"widget\" data-widget_type=\"spacer.default\">\n\t\t\t\t<div class=\"elementor-widget-container\">\n\t\t\t\t\t\t\t<div class=\"elementor-spacer\">\n\t\t\t<div class=\"elementor-spacer-inner\"><\/div>\n\t\t<\/div>\n\t\t\t\t\t\t<\/div>\n\t\t\t\t<\/div>\n\t\t\t\t\t<\/div>\n\t\t\t\t<\/div>\n\t\t\t\t<\/div>\n\t\t","protected":false},"excerpt":{"rendered":"<p>Cookies &amp; Privacy Policy Cookie &amp; Privacy Policy for 100portraits.art Last Updated: 18.10.2023 Operated by Hedonist Photo &#8211; Visuals &amp; SEO CVR-nummer: 43612395Address: A.P. M\u00f8llers All\u00e9 9CLocation: 2791 Drag\u00f8r, Denmark Introduction At 100portraits.art, the privacy of our visitors is one of our main priorities. This Cookie &amp; Privacy Policy document outlines the types of information [&hellip;]<\/p>\n","protected":false},"author":1,"featured_media":0,"parent":164,"menu_order":0,"comment_status":"closed","ping_status":"closed","template":"elementor_header_footer","meta":{"_acf_changed":false,"footnotes":""},"class_list":["post-210","page","type-page","status-publish","hentry"],"acf":[],"_links":{"self":[{"href":"https:\/\/100portraits.art\/en\/wp-json\/wp\/v2\/pages\/210","targetHints":{"allow":["GET"]}}],"collection":[{"href":"https:\/\/100portraits.art\/en\/wp-json\/wp\/v2\/pages"}],"about":[{"href":"https:\/\/100portraits.art\/en\/wp-json\/wp\/v2\/types\/page"}],"author":[{"embeddable":true,"href":"https:\/\/100portraits.art\/en\/wp-json\/wp\/v2\/users\/1"}],"replies":[{"embeddable":true,"href":"https:\/\/100portraits.art\/en\/wp-json\/wp\/v2\/comments?post=210"}],"version-history":[{"count":4,"href":"https:\/\/100portraits.art\/en\/wp-json\/wp\/v2\/pages\/210\/revisions"}],"predecessor-version":[{"id":3237,"href":"https:\/\/100portraits.art\/en\/wp-json\/wp\/v2\/pages\/210\/revisions\/3237"}],"up":[{"embeddable":true,"href":"https:\/\/100portraits.art\/en\/wp-json\/wp\/v2\/pages\/164"}],"wp:attachment":[{"href":"https:\/\/100portraits.art\/en\/wp-json\/wp\/v2\/media?parent=210"}],"curies":[{"name":"wp","href":"https:\/\/api.w.org\/{rel}","templated":true}]}}